{"id":1707,"date":"2025-09-30T14:49:07","date_gmt":"2025-09-30T14:49:07","guid":{"rendered":"https:\/\/www.ugrabak.com\/index.php\/urun\/baharatlik-cam-3-lu-set-jarkin-titiz-kc-318-300-ml\/"},"modified":"2025-09-30T14:49:08","modified_gmt":"2025-09-30T14:49:08","slug":"baharatlik-cam-3-lu-set-jarkin-titiz-kc-318-300-ml","status":"publish","type":"product","link":"https:\/\/www.ugrabak.com\/index.php\/urun\/baharatlik-cam-3-lu-set-jarkin-titiz-kc-318-300-ml\/","title":{"rendered":"BAHARATLIK CAM 3 L\u00dc SET JARK\u0130N T\u0130T\u0130Z KC-318 300 ML"},"content":{"rendered":"","protected":false},"excerpt":{"rendered":"","protected":false},"featured_media":1706,"comment_status":"open","ping_status":"closed","template":"","meta":[],"product_brand":[],"product_cat":[29],"product_tag":[],"class_list":{"0":"post-1707","1":"product","2":"type-product","3":"status-publish","4":"has-post-thumbnail","6":"product_cat-mutfak-gerecleri","8":"first","9":"instock","10":"shipping-taxable","11":"purchasable","12":"product-type-simple"},"_links":{"self":[{"href":"https:\/\/www.ugrabak.com\/index.php\/wp-json\/wp\/v2\/product\/1707","targetHints":{"allow":["GET"]}}],"collection":[{"href":"https:\/\/www.ugrabak.com\/index.php\/wp-json\/wp\/v2\/product"}],"about":[{"href":"https:\/\/www.ugrabak.com\/index.php\/wp-json\/wp\/v2\/types\/product"}],"replies":[{"embeddable":true,"href":"https:\/\/www.ugrabak.com\/index.php\/wp-json\/wp\/v2\/comments?post=1707"}],"version-history":[{"count":0,"href":"https:\/\/www.ugrabak.com\/index.php\/wp-json\/wp\/v2\/product\/1707\/revisions"}],"wp:featuredmedia":[{"embeddable":true,"href":"https:\/\/www.ugrabak.com\/index.php\/wp-json\/wp\/v2\/media\/1706"}],"wp:attachment":[{"href":"https:\/\/www.ugrabak.com\/index.php\/wp-json\/wp\/v2\/media?parent=1707"}],"wp:term":[{"taxonomy":"product_brand","embeddable":true,"href":"https:\/\/www.ugrabak.com\/index.php\/wp-json\/wp\/v2\/product_brand?post=1707"},{"taxonomy":"product_cat","embeddable":true,"href":"https:\/\/www.ugrabak.com\/index.php\/wp-json\/wp\/v2\/product_cat?post=1707"},{"taxonomy":"product_tag","embeddable":true,"href":"https:\/\/www.ugrabak.com\/index.php\/wp-json\/wp\/v2\/product_tag?post=1707"}],"curies":[{"name":"wp","href":"https:\/\/api.w.org\/{rel}","templated":true}]}}