{"id":1727,"date":"2025-09-30T14:49:13","date_gmt":"2025-09-30T14:49:13","guid":{"rendered":"https:\/\/www.ugrabak.com\/index.php\/urun\/bardak-3-lu-linea-pasabahce-52987\/"},"modified":"2025-09-30T14:49:13","modified_gmt":"2025-09-30T14:49:13","slug":"bardak-3-lu-linea-pasabahce-52987","status":"publish","type":"product","link":"https:\/\/www.ugrabak.com\/index.php\/urun\/bardak-3-lu-linea-pasabahce-52987\/","title":{"rendered":"BARDAK 3 L\u00dc L\u0130NEA PA\u015eABAH\u00c7E 52987"},"content":{"rendered":"","protected":false},"excerpt":{"rendered":"","protected":false},"featured_media":1726,"comment_status":"open","ping_status":"closed","template":"","meta":[],"product_brand":[],"product_cat":[29],"product_tag":[],"class_list":{"0":"post-1727","1":"product","2":"type-product","3":"status-publish","4":"has-post-thumbnail","6":"product_cat-mutfak-gerecleri","8":"first","9":"instock","10":"shipping-taxable","11":"purchasable","12":"product-type-simple"},"_links":{"self":[{"href":"https:\/\/www.ugrabak.com\/index.php\/wp-json\/wp\/v2\/product\/1727","targetHints":{"allow":["GET"]}}],"collection":[{"href":"https:\/\/www.ugrabak.com\/index.php\/wp-json\/wp\/v2\/product"}],"about":[{"href":"https:\/\/www.ugrabak.com\/index.php\/wp-json\/wp\/v2\/types\/product"}],"replies":[{"embeddable":true,"href":"https:\/\/www.ugrabak.com\/index.php\/wp-json\/wp\/v2\/comments?post=1727"}],"version-history":[{"count":0,"href":"https:\/\/www.ugrabak.com\/index.php\/wp-json\/wp\/v2\/product\/1727\/revisions"}],"wp:featuredmedia":[{"embeddable":true,"href":"https:\/\/www.ugrabak.com\/index.php\/wp-json\/wp\/v2\/media\/1726"}],"wp:attachment":[{"href":"https:\/\/www.ugrabak.com\/index.php\/wp-json\/wp\/v2\/media?parent=1727"}],"wp:term":[{"taxonomy":"product_brand","embeddable":true,"href":"https:\/\/www.ugrabak.com\/index.php\/wp-json\/wp\/v2\/product_brand?post=1727"},{"taxonomy":"product_cat","embeddable":true,"href":"https:\/\/www.ugrabak.com\/index.php\/wp-json\/wp\/v2\/product_cat?post=1727"},{"taxonomy":"product_tag","embeddable":true,"href":"https:\/\/www.ugrabak.com\/index.php\/wp-json\/wp\/v2\/product_tag?post=1727"}],"curies":[{"name":"wp","href":"https:\/\/api.w.org\/{rel}","templated":true}]}}